{"id":4683,"date":"2021-12-15T16:12:21","date_gmt":"2021-12-15T16:12:21","guid":{"rendered":"https:\/\/swisstudycheck.ch\/accredited-universities\/la-haute-ecole-specialisee-de-suisse-occidentale-hes-so\/"},"modified":"2022-09-15T07:20:08","modified_gmt":"2022-09-15T07:20:08","slug":"la-haute-ecole-specialisee-de-suisse-occidentale-hes-so","status":"publish","type":"page","link":"https:\/\/swisstudycheck.ch\/en\/accredited-universities\/la-haute-ecole-specialisee-de-suisse-occidentale-hes-so\/","title":{"rendered":"La Haute Ecole Sp\u00e9cialis\u00e9e de Suisse Occidentale (HES-SO)"},"content":{"rendered":"\t\t<div data-elementor-type=\"wp-page\" data-elementor-id=\"4683\" class=\"elementor elementor-4683 elementor-1646\" data-elementor-post-type=\"page\">\n\t\t\t\t\t\t<section class=\"elementor-section elementor-top-section elementor-element elementor-element-49b923e7 elementor-section-boxed elementor-section-height-default elementor-section-height-default\" data-id=\"49b923e7\" data-element_type=\"section\" data-e-type=\"section\" data-settings=\"{&quot;background_background&quot;:&quot;classic&quot;}\">\n\t\t\t\t\t\t<div class=\"elementor-container elementor-column-gap-no\">\n\t\t\t\t\t<div class=\"jet-sticky-column elementor-column elementor-col-100 elementor-top-column elementor-element elementor-element-725113ad\" data-jet-settings=\"{&quot;id&quot;:&quot;725113ad&quot;,&quot;sticky&quot;:true,&quot;topSpacing&quot;:50,&quot;bottomSpacing&quot;:50,&quot;stickyOn&quot;:[&quot;desktop&quot;,&quot;tablet&quot;],&quot;behavior&quot;:&quot;default&quot;,&quot;zIndex&quot;:1100}\" data-id=\"725113ad\" data-element_type=\"column\" data-e-type=\"column\">\n\t\t\t<div class=\"elementor-widget-wrap elementor-element-populated\">\n\t\t\t\t\t\t<div class=\"elementor-element elementor-element-b4e2ea4 elementor-widget elementor-widget-heading\" data-id=\"b4e2ea4\" data-element_type=\"widget\" data-e-type=\"widget\" data-widget_type=\"heading.default\">\n\t\t\t\t<div class=\"elementor-widget-container\">\n\t\t\t\t\t<h1 class=\"elementor-heading-title elementor-size-default\">La Haute Ecole Sp\u00e9cialis\u00e9e de Suisse Occidentale (HES-SO)<\/h1>\t\t\t\t<\/div>\n\t\t\t\t<\/div>\n\t\t\t\t<div class=\"elementor-element elementor-element-4178ee78 elementor-widget-divider--view-line elementor-widget elementor-widget-divider\" data-id=\"4178ee78\" data-element_type=\"widget\" data-e-type=\"widget\" data-widget_type=\"divider.default\">\n\t\t\t\t<div class=\"elementor-widget-container\">\n\t\t\t\t\t\t\t<div class=\"elementor-divider\">\n\t\t\t<span class=\"elementor-divider-separator\">\n\t\t\t\t\t\t<\/span>\n\t\t<\/div>\n\t\t\t\t\t\t<\/div>\n\t\t\t\t<\/div>\n\t\t\t\t\t<\/div>\n\t\t<\/div>\n\t\t\t\t\t<\/div>\n\t\t<\/section>\n\t\t\t\t<section class=\"elementor-section elementor-top-section elementor-element elementor-element-5c78e48c elementor-section-boxed elementor-section-height-default elementor-section-height-default\" data-id=\"5c78e48c\" data-element_type=\"section\" data-e-type=\"section\">\n\t\t\t\t\t\t<div class=\"elementor-container elementor-column-gap-default\">\n\t\t\t\t\t<div class=\"elementor-column elementor-col-50 elementor-top-column elementor-element elementor-element-2f62de5f\" data-id=\"2f62de5f\" data-element_type=\"column\" data-e-type=\"column\">\n\t\t\t<div class=\"elementor-widget-wrap elementor-element-populated\">\n\t\t\t\t\t\t<div class=\"elementor-element elementor-element-669793db elementor-widget elementor-widget-image\" data-id=\"669793db\" data-element_type=\"widget\" data-e-type=\"widget\" data-widget_type=\"image.default\">\n\t\t\t\t<div class=\"elementor-widget-container\">\n\t\t\t\t\t\t\t\t\t\t\t\t\t\t\t<img decoding=\"async\" width=\"200\" height=\"45\" src=\"https:\/\/swisstudycheck.ch\/wp-content\/uploads\/2021\/12\/Symbols.png\" class=\"attachment-large size-large wp-image-4499\" alt=\"\" \/>\t\t\t\t\t\t\t\t\t\t\t\t\t\t\t<\/div>\n\t\t\t\t<\/div>\n\t\t\t\t\t<\/div>\n\t\t<\/div>\n\t\t\t\t<div class=\"elementor-column elementor-col-50 elementor-top-column elementor-element elementor-element-51e80ab5\" data-id=\"51e80ab5\" data-element_type=\"column\" data-e-type=\"column\">\n\t\t\t<div class=\"elementor-widget-wrap elementor-element-populated\">\n\t\t\t\t\t\t<div class=\"elementor-element elementor-element-463faaf4 elementor-widget elementor-widget-text-editor\" data-id=\"463faaf4\" data-element_type=\"widget\" data-e-type=\"widget\" data-widget_type=\"text-editor.default\">\n\t\t\t\t<div class=\"elementor-widget-container\">\n\t\t\t\t\t\t\t\t\t<p>Founded in 1998 with its 28 universities located in seven different cantons (Bern, Fribourg, Geneva, Jura, Neuch\u00e2tel, Valais, and Vaud), the University of Applied Sciences and Arts of Western Switzerland (<em>Haute \u00e9cole sp\u00e9cialis\u00e9e de Suisse occidentale, HES-SO<\/em>) is the largest university of applied sciences in Switzerland. Education, research and development activities, and services are offered in the six UAS fields, namely: Engineering and Architecture; Economics and Services; Design and Visual Arts; Health; Social Work; Music and Performing Arts. For the Vaud-based universities of applied sciences, and for the canton, this organisation means reckoning with an additional level of decision-making.<\/p><p>Unlike the UNIL and HEP Vaud, what is negotiated at cantonal level for the UAS must still be approved at intercantonal level. That said, the canton retains a certain degree of autonomy with regard to its universities: it can finance them directly for research activities and other specific missions that fall within the cantonal strategy and specific local conditions. However, the HES-SO \u2013 through the strategic authority represented by the governmental committee and the operational authority of the Rectorate \u2013 has competence in matters of regulation, training, R&amp;D policy, governance, and overall strategy. It is also worth noting that it is the HES-SO, as an institution, that is subject to the obligation of accreditation by the Confederation (Art. 28 of the Higher Education Act). Each of the HES-SO universities of applied sciences, including the six universities of applied sciences in Vaud, must have adequate accreditation mechanisms to contribute to the institutional accreditation of the HES-SO.<\/p>\t\t\t\t\t\t\t\t<\/div>\n\t\t\t\t<\/div>\n\t\t\t\t<div class=\"elementor-element elementor-element-8c7b1b7 elementor-align-left elementor-mobile-align-left elementor-widget elementor-widget-button\" data-id=\"8c7b1b7\" data-element_type=\"widget\" data-e-type=\"widget\" data-widget_type=\"button.default\">\n\t\t\t\t<div class=\"elementor-widget-container\">\n\t\t\t\t\t\t\t\t\t<div class=\"elementor-button-wrapper\">\n\t\t\t\t\t<a class=\"elementor-button elementor-button-link elementor-size-xs\" href=\"https:\/\/www.hes-so.ch\/en\/homepage\" target=\"_blank\">\n\t\t\t\t\t\t<span class=\"elementor-button-content-wrapper\">\n\t\t\t\t\t\t<span class=\"elementor-button-icon\">\n\t\t\t\t<i aria-hidden=\"true\" class=\"fas fa-long-arrow-alt-right\"><\/i>\t\t\t<\/span>\n\t\t\t\t\t\t\t\t\t<span class=\"elementor-button-text\">To the HES-SO website<\/span>\n\t\t\t\t\t<\/span>\n\t\t\t\t\t<\/a>\n\t\t\t\t<\/div>\n\t\t\t\t\t\t\t\t<\/div>\n\t\t\t\t<\/div>\n\t\t\t\t\t<\/div>\n\t\t<\/div>\n\t\t\t\t\t<\/div>\n\t\t<\/section>\n\t\t\t\t<\/div>\n\t\t","protected":false},"excerpt":{"rendered":"<p>La Haute Ecole Sp\u00e9cialis\u00e9e de Suisse Occidentale (HES-SO) Founded in 1998 with its 28 universities located in seven different cantons (Bern, Fribourg, Geneva, Jura, Neuch\u00e2tel, Valais, and Vaud), the University of Applied Sciences and Arts of Western Switzerland (Haute \u00e9cole sp\u00e9cialis\u00e9e de Suisse occidentale, HES-SO) is the largest university of applied sciences in Switzerland. Education, [&hellip;]<\/p>\n","protected":false},"author":1,"featured_media":0,"parent":4993,"menu_order":0,"comment_status":"closed","ping_status":"closed","template":"","meta":{"site-sidebar-layout":"no-sidebar","site-content-layout":"page-builder","ast-site-content-layout":"default","site-content-style":"default","site-sidebar-style":"default","ast-global-header-display":"","ast-banner-title-visibility":"","ast-main-header-display":"","ast-hfb-above-header-display":"","ast-hfb-below-header-display":"","ast-hfb-mobile-header-display":"","site-post-title":"disabled","ast-breadcrumbs-content":"","ast-featured-img":"disabled","footer-sml-layout":"","ast-disable-related-posts":"","theme-transparent-header-meta":"","adv-header-id-meta":"","stick-header-meta":"","header-above-stick-meta":"","header-main-stick-meta":"","header-below-stick-meta":"","astra-migrate-meta-layouts":"default","ast-page-background-enabled":"default","ast-page-background-meta":{"desktop":{"background-color":"var(--ast-global-color-4)","background-image":"","background-repeat":"repeat","background-position":"center center","background-size":"auto","background-attachment":"scroll","background-type":"","background-media":"","overlay-type":"","overlay-color":"","overlay-opacity":"","overlay-gradient":""},"tablet":{"background-color":"","background-image":"","background-repeat":"repeat","background-position":"center center","background-size":"auto","background-attachment":"scroll","background-type":"","background-media":"","overlay-type":"","overlay-color":"","overlay-opacity":"","overlay-gradient":""},"mobile":{"background-color":"","background-image":"","background-repeat":"repeat","background-position":"center center","background-size":"auto","background-attachment":"scroll","background-type":"","background-media":"","overlay-type":"","overlay-color":"","overlay-opacity":"","overlay-gradient":""}},"ast-content-background-meta":{"desktop":{"background-color":"var(--ast-global-color-5)","background-image":"","background-repeat":"repeat","background-position":"center center","background-size":"auto","background-attachment":"scroll","background-type":"","background-media":"","overlay-type":"","overlay-color":"","overlay-opacity":"","overlay-gradient":""},"tablet":{"background-color":"var(--ast-global-color-5)","background-image":"","background-repeat":"repeat","background-position":"center center","background-size":"auto","background-attachment":"scroll","background-type":"","background-media":"","overlay-type":"","overlay-color":"","overlay-opacity":"","overlay-gradient":""},"mobile":{"background-color":"var(--ast-global-color-5)","background-image":"","background-repeat":"repeat","background-position":"center center","background-size":"auto","background-attachment":"scroll","background-type":"","background-media":"","overlay-type":"","overlay-color":"","overlay-opacity":"","overlay-gradient":""}},"footnotes":""},"class_list":["post-4683","page","type-page","status-publish","hentry"],"yoast_head":"<!-- This site is optimized with the Yoast SEO plugin v27.3 - https:\/\/yoast.com\/product\/yoast-seo-wordpress\/ -->\n<title>La Haute Ecole Sp\u00e9cialis\u00e9e de Suisse Occidentale (HES-SO) - Swisstudycheck<\/title>\n<meta name=\"description\" content=\"La HES-SO offre des formations en ing\u00e9nierie\/architecture, \u00e9conomie\/services, design\/arts visuels, sant\u00e9, travail social, musique\/sc\u00e8ne.\" \/>\n<meta name=\"robots\" content=\"index, follow, max-snippet:-1, max-image-preview:large, max-video-preview:-1\" \/>\n<link rel=\"canonical\" href=\"https:\/\/swisstudycheck.ch\/en\/accredited-universities\/la-haute-ecole-specialisee-de-suisse-occidentale-hes-so\/\" \/>\n<meta property=\"og:locale\" content=\"en_US\" \/>\n<meta property=\"og:type\" content=\"article\" \/>\n<meta property=\"og:title\" content=\"La Haute Ecole Sp\u00e9cialis\u00e9e de Suisse Occidentale (HES-SO) - Swisstudycheck\" \/>\n<meta property=\"og:description\" content=\"La HES-SO offre des formations en ing\u00e9nierie\/architecture, \u00e9conomie\/services, design\/arts visuels, sant\u00e9, travail social, musique\/sc\u00e8ne.\" \/>\n<meta property=\"og:url\" content=\"https:\/\/swisstudycheck.ch\/en\/accredited-universities\/la-haute-ecole-specialisee-de-suisse-occidentale-hes-so\/\" \/>\n<meta property=\"og:site_name\" content=\"Swisstudycheck\" \/>\n<meta property=\"article:modified_time\" content=\"2022-09-15T07:20:08+00:00\" \/>\n<meta property=\"og:image\" content=\"https:\/\/swisstudycheck.ch\/wp-content\/uploads\/2021\/12\/Symbols.png\" \/>\n<meta name=\"twitter:card\" content=\"summary_large_image\" \/>\n<meta name=\"twitter:label1\" content=\"Est. reading time\" \/>\n\t<meta name=\"twitter:data1\" content=\"2 minutes\" \/>\n<script type=\"application\/ld+json\" class=\"yoast-schema-graph\">{\"@context\":\"https:\\\/\\\/schema.org\",\"@graph\":[{\"@type\":\"WebPage\",\"@id\":\"https:\\\/\\\/swisstudycheck.ch\\\/en\\\/accredited-universities\\\/la-haute-ecole-specialisee-de-suisse-occidentale-hes-so\\\/\",\"url\":\"https:\\\/\\\/swisstudycheck.ch\\\/en\\\/accredited-universities\\\/la-haute-ecole-specialisee-de-suisse-occidentale-hes-so\\\/\",\"name\":\"La Haute Ecole Sp\u00e9cialis\u00e9e de Suisse Occidentale (HES-SO) - Swisstudycheck\",\"isPartOf\":{\"@id\":\"https:\\\/\\\/swisstudycheck.ch\\\/en\\\/#website\"},\"primaryImageOfPage\":{\"@id\":\"https:\\\/\\\/swisstudycheck.ch\\\/en\\\/accredited-universities\\\/la-haute-ecole-specialisee-de-suisse-occidentale-hes-so\\\/#primaryimage\"},\"image\":{\"@id\":\"https:\\\/\\\/swisstudycheck.ch\\\/en\\\/accredited-universities\\\/la-haute-ecole-specialisee-de-suisse-occidentale-hes-so\\\/#primaryimage\"},\"thumbnailUrl\":\"https:\\\/\\\/swisstudycheck.ch\\\/wp-content\\\/uploads\\\/2021\\\/12\\\/Symbols.png\",\"datePublished\":\"2021-12-15T16:12:21+00:00\",\"dateModified\":\"2022-09-15T07:20:08+00:00\",\"description\":\"La HES-SO offre des formations en ing\u00e9nierie\\\/architecture, \u00e9conomie\\\/services, design\\\/arts visuels, sant\u00e9, travail social, musique\\\/sc\u00e8ne.\",\"breadcrumb\":{\"@id\":\"https:\\\/\\\/swisstudycheck.ch\\\/en\\\/accredited-universities\\\/la-haute-ecole-specialisee-de-suisse-occidentale-hes-so\\\/#breadcrumb\"},\"inLanguage\":\"en-US\",\"potentialAction\":[{\"@type\":\"ReadAction\",\"target\":[\"https:\\\/\\\/swisstudycheck.ch\\\/en\\\/accredited-universities\\\/la-haute-ecole-specialisee-de-suisse-occidentale-hes-so\\\/\"]}]},{\"@type\":\"ImageObject\",\"inLanguage\":\"en-US\",\"@id\":\"https:\\\/\\\/swisstudycheck.ch\\\/en\\\/accredited-universities\\\/la-haute-ecole-specialisee-de-suisse-occidentale-hes-so\\\/#primaryimage\",\"url\":\"https:\\\/\\\/swisstudycheck.ch\\\/wp-content\\\/uploads\\\/2021\\\/12\\\/Symbols.png\",\"contentUrl\":\"https:\\\/\\\/swisstudycheck.ch\\\/wp-content\\\/uploads\\\/2021\\\/12\\\/Symbols.png\"},{\"@type\":\"BreadcrumbList\",\"@id\":\"https:\\\/\\\/swisstudycheck.ch\\\/en\\\/accredited-universities\\\/la-haute-ecole-specialisee-de-suisse-occidentale-hes-so\\\/#breadcrumb\",\"itemListElement\":[{\"@type\":\"ListItem\",\"position\":1,\"name\":\"Home\",\"item\":\"https:\\\/\\\/swisstudycheck.ch\\\/en\\\/\"},{\"@type\":\"ListItem\",\"position\":2,\"name\":\"Accredited universities\",\"item\":\"https:\\\/\\\/swisstudycheck.ch\\\/en\\\/accredited-universities\\\/\"},{\"@type\":\"ListItem\",\"position\":3,\"name\":\"La Haute Ecole Sp\u00e9cialis\u00e9e de Suisse Occidentale (HES-SO)\"}]},{\"@type\":\"WebSite\",\"@id\":\"https:\\\/\\\/swisstudycheck.ch\\\/en\\\/#website\",\"url\":\"https:\\\/\\\/swisstudycheck.ch\\\/en\\\/\",\"name\":\"Swisstudycheck\",\"description\":\"Swisstudycheck t&#039;explique la diff\u00e9rence entre une haute \u00e9cole publique et priv\u00e9e\",\"potentialAction\":[{\"@type\":\"SearchAction\",\"target\":{\"@type\":\"EntryPoint\",\"urlTemplate\":\"https:\\\/\\\/swisstudycheck.ch\\\/en\\\/?s={search_term_string}\"},\"query-input\":{\"@type\":\"PropertyValueSpecification\",\"valueRequired\":true,\"valueName\":\"search_term_string\"}}],\"inLanguage\":\"en-US\"}]}<\/script>\n<!-- \/ Yoast SEO plugin. -->","yoast_head_json":{"title":"La Haute Ecole Sp\u00e9cialis\u00e9e de Suisse Occidentale (HES-SO) - Swisstudycheck","description":"La HES-SO offre des formations en ing\u00e9nierie\/architecture, \u00e9conomie\/services, design\/arts visuels, sant\u00e9, travail social, musique\/sc\u00e8ne.","robots":{"index":"index","follow":"follow","max-snippet":"max-snippet:-1","max-image-preview":"max-image-preview:large","max-video-preview":"max-video-preview:-1"},"canonical":"https:\/\/swisstudycheck.ch\/en\/accredited-universities\/la-haute-ecole-specialisee-de-suisse-occidentale-hes-so\/","og_locale":"en_US","og_type":"article","og_title":"La Haute Ecole Sp\u00e9cialis\u00e9e de Suisse Occidentale (HES-SO) - Swisstudycheck","og_description":"La HES-SO offre des formations en ing\u00e9nierie\/architecture, \u00e9conomie\/services, design\/arts visuels, sant\u00e9, travail social, musique\/sc\u00e8ne.","og_url":"https:\/\/swisstudycheck.ch\/en\/accredited-universities\/la-haute-ecole-specialisee-de-suisse-occidentale-hes-so\/","og_site_name":"Swisstudycheck","article_modified_time":"2022-09-15T07:20:08+00:00","og_image":[{"url":"https:\/\/swisstudycheck.ch\/wp-content\/uploads\/2021\/12\/Symbols.png","type":"","width":"","height":""}],"twitter_card":"summary_large_image","twitter_misc":{"Est. reading time":"2 minutes"},"schema":{"@context":"https:\/\/schema.org","@graph":[{"@type":"WebPage","@id":"https:\/\/swisstudycheck.ch\/en\/accredited-universities\/la-haute-ecole-specialisee-de-suisse-occidentale-hes-so\/","url":"https:\/\/swisstudycheck.ch\/en\/accredited-universities\/la-haute-ecole-specialisee-de-suisse-occidentale-hes-so\/","name":"La Haute Ecole Sp\u00e9cialis\u00e9e de Suisse Occidentale (HES-SO) - Swisstudycheck","isPartOf":{"@id":"https:\/\/swisstudycheck.ch\/en\/#website"},"primaryImageOfPage":{"@id":"https:\/\/swisstudycheck.ch\/en\/accredited-universities\/la-haute-ecole-specialisee-de-suisse-occidentale-hes-so\/#primaryimage"},"image":{"@id":"https:\/\/swisstudycheck.ch\/en\/accredited-universities\/la-haute-ecole-specialisee-de-suisse-occidentale-hes-so\/#primaryimage"},"thumbnailUrl":"https:\/\/swisstudycheck.ch\/wp-content\/uploads\/2021\/12\/Symbols.png","datePublished":"2021-12-15T16:12:21+00:00","dateModified":"2022-09-15T07:20:08+00:00","description":"La HES-SO offre des formations en ing\u00e9nierie\/architecture, \u00e9conomie\/services, design\/arts visuels, sant\u00e9, travail social, musique\/sc\u00e8ne.","breadcrumb":{"@id":"https:\/\/swisstudycheck.ch\/en\/accredited-universities\/la-haute-ecole-specialisee-de-suisse-occidentale-hes-so\/#breadcrumb"},"inLanguage":"en-US","potentialAction":[{"@type":"ReadAction","target":["https:\/\/swisstudycheck.ch\/en\/accredited-universities\/la-haute-ecole-specialisee-de-suisse-occidentale-hes-so\/"]}]},{"@type":"ImageObject","inLanguage":"en-US","@id":"https:\/\/swisstudycheck.ch\/en\/accredited-universities\/la-haute-ecole-specialisee-de-suisse-occidentale-hes-so\/#primaryimage","url":"https:\/\/swisstudycheck.ch\/wp-content\/uploads\/2021\/12\/Symbols.png","contentUrl":"https:\/\/swisstudycheck.ch\/wp-content\/uploads\/2021\/12\/Symbols.png"},{"@type":"BreadcrumbList","@id":"https:\/\/swisstudycheck.ch\/en\/accredited-universities\/la-haute-ecole-specialisee-de-suisse-occidentale-hes-so\/#breadcrumb","itemListElement":[{"@type":"ListItem","position":1,"name":"Home","item":"https:\/\/swisstudycheck.ch\/en\/"},{"@type":"ListItem","position":2,"name":"Accredited universities","item":"https:\/\/swisstudycheck.ch\/en\/accredited-universities\/"},{"@type":"ListItem","position":3,"name":"La Haute Ecole Sp\u00e9cialis\u00e9e de Suisse Occidentale (HES-SO)"}]},{"@type":"WebSite","@id":"https:\/\/swisstudycheck.ch\/en\/#website","url":"https:\/\/swisstudycheck.ch\/en\/","name":"Swisstudycheck","description":"Swisstudycheck t&#039;explique la diff\u00e9rence entre une haute \u00e9cole publique et priv\u00e9e","potentialAction":[{"@type":"SearchAction","target":{"@type":"EntryPoint","urlTemplate":"https:\/\/swisstudycheck.ch\/en\/?s={search_term_string}"},"query-input":{"@type":"PropertyValueSpecification","valueRequired":true,"valueName":"search_term_string"}}],"inLanguage":"en-US"}]}},"_links":{"self":[{"href":"https:\/\/swisstudycheck.ch\/en\/wp-json\/wp\/v2\/pages\/4683","targetHints":{"allow":["GET"]}}],"collection":[{"href":"https:\/\/swisstudycheck.ch\/en\/wp-json\/wp\/v2\/pages"}],"about":[{"href":"https:\/\/swisstudycheck.ch\/en\/wp-json\/wp\/v2\/types\/page"}],"author":[{"embeddable":true,"href":"https:\/\/swisstudycheck.ch\/en\/wp-json\/wp\/v2\/users\/1"}],"replies":[{"embeddable":true,"href":"https:\/\/swisstudycheck.ch\/en\/wp-json\/wp\/v2\/comments?post=4683"}],"version-history":[{"count":7,"href":"https:\/\/swisstudycheck.ch\/en\/wp-json\/wp\/v2\/pages\/4683\/revisions"}],"predecessor-version":[{"id":4892,"href":"https:\/\/swisstudycheck.ch\/en\/wp-json\/wp\/v2\/pages\/4683\/revisions\/4892"}],"up":[{"embeddable":true,"href":"https:\/\/swisstudycheck.ch\/en\/wp-json\/wp\/v2\/pages\/4993"}],"wp:attachment":[{"href":"https:\/\/swisstudycheck.ch\/en\/wp-json\/wp\/v2\/media?parent=4683"}],"curies":[{"name":"wp","href":"https:\/\/api.w.org\/{rel}","templated":true}]}}